{"id":1464,"date":"2017-11-16T09:48:32","date_gmt":"2017-11-16T08:48:32","guid":{"rendered":"http:\/\/komm.phwien.ac.at\/?page_id=1464"},"modified":"2018-05-17T13:23:09","modified_gmt":"2018-05-17T11:23:09","slug":"ueber-uns","status":"publish","type":"page","link":"https:\/\/kindinmi.phwien.ac.at\/?page_id=1464","title":{"rendered":"About us"},"content":{"rendered":"<p>The KINDINMI project is a collaborative and comparative research project on local, regional, national and European strategies and good practices concerning the inclusion of young migrants aged 6 months to 7 years in kindergarten\/preschool education as a means to encouraging better opportunities for them as well as their families for social orientation and inclusion in the host country. To reach such a goal it is necessary to improve the initial and in service training of educators in the kindergarten\/preschool training, in which all partners as teams from\u00a0Austria, Czech Republic, Scotland and Sweden are involved on different levels.<\/p>\n<h3>\u00dcber uns<\/h3>\n<p>Bei KINDINMI handelt es sich um ein international vergleichendes Forschungsprojekt, das sich mit lokalen, regionalen, nationalen und transeurop\u00e4ischen Strategien auseinandersetzt. Es gilt gute Praxisbeispiele bez\u00fcglich der Inklusion junger Migrantinnen und Migranten im Alter bis zu sieben Jahren im Rahmen der Kindergarten- bzw. Vorschulp\u00e4dagogik zu entwickeln. Es ist das erkl\u00e4rte Ziel anhand des internationalen Vergleichs bessere M\u00f6glichkeiten der sozialen Orientierung und Inklusion f\u00fcr die betroffenen Kinder und ihre Familien aufzuzeigen. Um das zu erreichen, ist es notwendig, die Ausbildungsmodule f\u00fcr die Aus-, Fort- und Weiterbildung der P\u00e4dagoginnen und P\u00e4dagogen in Elementar- und Primarstufe zu optimieren. In diesen Prozess sind die verschiedenen Partner aus \u00d6sterreich, Schottland, Schweden und Tschechien auf unterschiedlichen Ebenen involviert.<\/p>\n<h3><a id=\"svenska\" name=\"svenska\"><\/a><strong>O n\u00e1s<\/strong><\/h3>\n<p>Projekt KINDINMI je spole\u010dn\u00fd a srovn\u00e1vac\u00ed v\u00fdzkumn\u00fd projekt zam\u011b\u0159en\u00fd na lok\u00e1ln\u00ed, region\u00e1ln\u00ed, n\u00e1rodn\u00ed a evropsk\u00e9 strategie a osv\u011bd\u010den\u00e9 postupy t\u00fdkaj\u00edc\u00ed se za\u010dle\u0148ov\u00e1n\u00ed mlad\u00fdch migrant\u016f ve v\u011bku od 6 m\u011bs\u00edc\u016f do 7 let do mate\u0159sk\u00e9 \u0161koly. P\u0159ed\u0161koln\u00ed v\u00fdchova m\u00e1 b\u00fdt jako prost\u0159edek k podpo\u0159e jejich lep\u0161\u00edch p\u0159\u00edle\u017eitost\u00ed, pro soci\u00e1ln\u00ed orientaci rodiny a za\u010dlen\u011bn\u00ed do hostitelsk\u00e9 zem\u011b. Aby bylo dosa\u017eeno tohoto c\u00edle, je nezbytn\u00e9 zlep\u0161it po\u010d\u00e1te\u010dn\u00ed a \u0161koln\u00ed vzd\u011bl\u00e1v\u00e1n\u00ed pedagog\u016f v r\u00e1mci p\u0159ed\u0161koln\u00edho vzd\u011bl\u00e1v\u00e1n\u00ed, ve kter\u00e9m jsou v\u0161ichni partne\u0159i (t\u00fdmy) z Rakouska, \u010cesk\u00e9 republiky, Skotska a \u0160v\u00e9dska zapojeni na r\u016fzn\u00fdch \u00farovn\u00edch.<\/p>\n<p>&nbsp;<\/p>\n<h3><a id=\"svenska\" name=\"svenska\"><\/a>Om oss<\/h3>\n<p>KINDINMI-projektet \u00e4r ett samarbets- och j\u00e4mf\u00f6rande forskningsprojekt om lokala, regionala, nationella och europeiska strategier och god praxis n\u00e4r det g\u00e4ller att genom f\u00f6rskolan f\u00f6rb\u00e4ttra bem\u00f6tandet av unga migranter i \u00e5ldrarna\u00a06 m\u00e5nader till\u00a07 \u00e5r samt deras familj. F\u00f6rskolan skall fr\u00e4mja m\u00f6jligheter till social orientering och inkludering i v\u00e4rdlandet. F\u00f6r att n\u00e5 ett s\u00e5dant m\u00e5l \u00e4r det n\u00f6dv\u00e4ndigt att f\u00f6rb\u00e4ttra utbildning och fortbildning av personalen i f\u00f6rskolan. Medverkande\u00a0i projektet kommer fr\u00e5n universitet i Skottland, Sverige (koordinator), Tjeckien och \u00d6sterrike.<\/p>\n","protected":false},"excerpt":{"rendered":"<p>The KINDINMI project is a collaborative and comparative research project on local, regional, national and European strategies and good practices concerning the inclusion of young migrants aged 6 months to 7 years in kindergarten\/preschool education as a means to encouraging better opportunities for them as well as their families for social orientation and inclusion in &hellip; <a href=\"https:\/\/kindinmi.phwien.ac.at\/?page_id=1464\" class=\"more-link\"><span class=\"screen-reader-text\">About us<\/span> weiterlesen<\/a><\/p>\n","protected":false},"author":3,"featured_media":0,"parent":0,"menu_order":0,"comment_status":"closed","ping_status":"closed","template":"","meta":{"footnotes":""},"class_list":["post-1464","page","type-page","status-publish","hentry"],"_links":{"self":[{"href":"https:\/\/kindinmi.phwien.ac.at\/index.php?rest_route=\/wp\/v2\/pages\/1464","targetHints":{"allow":["GET"]}}],"collection":[{"href":"https:\/\/kindinmi.phwien.ac.at\/index.php?rest_route=\/wp\/v2\/pages"}],"about":[{"href":"https:\/\/kindinmi.phwien.ac.at\/index.php?rest_route=\/wp\/v2\/types\/page"}],"author":[{"embeddable":true,"href":"https:\/\/kindinmi.phwien.ac.at\/index.php?rest_route=\/wp\/v2\/users\/3"}],"replies":[{"embeddable":true,"href":"https:\/\/kindinmi.phwien.ac.at\/index.php?rest_route=%2Fwp%2Fv2%2Fcomments&post=1464"}],"version-history":[{"count":2,"href":"https:\/\/kindinmi.phwien.ac.at\/index.php?rest_route=\/wp\/v2\/pages\/1464\/revisions"}],"predecessor-version":[{"id":1577,"href":"https:\/\/kindinmi.phwien.ac.at\/index.php?rest_route=\/wp\/v2\/pages\/1464\/revisions\/1577"}],"wp:attachment":[{"href":"https:\/\/kindinmi.phwien.ac.at\/index.php?rest_route=%2Fwp%2Fv2%2Fmedia&parent=1464"}],"curies":[{"name":"wp","href":"https:\/\/api.w.org\/{rel}","templated":true}]}}